{"id":280326,"date":"2022-01-14T11:35:32","date_gmt":"2022-01-14T10:35:32","guid":{"rendered":"https:\/\/sbbimmobilien.wpengine.com\/louer\/gastronomie\/"},"modified":"2025-05-26T15:53:33","modified_gmt":"2025-05-26T13:53:33","slug":"gastronomie","status":"publish","type":"page","link":"https:\/\/sbb-immobilien.ch\/fr\/louer\/gastronomie\/","title":{"rendered":"Gastronomie"},"content":{"rendered":"","protected":false},"excerpt":{"rendered":"","protected":false},"author":3,"featured_media":0,"parent":13623,"menu_order":0,"comment_status":"closed","ping_status":"closed","template":"","meta":{"_acf_changed":false,"inline_featured_image":false,"footnotes":""},"class_list":["post-280326","page","type-page","status-publish","hentry"],"acf":[],"yoast_head":"<!-- This site is optimized with the Yoast SEO Premium plugin v27.2 (Yoast SEO v27.2) - https:\/\/yoast.com\/product\/yoast-seo-premium-wordpress\/ -->\n<title>Surfaces gastronomie libres | CFF Immobilier<\/title>\n<meta name=\"description\" content=\"En bref, tr\u00e8s pris\u00e9s, ces lieux se pr\u00eatent bien aux restaurants, caf\u00e9s et commerces de vente \u00e0 emporter.\" \/>\n<meta name=\"robots\" content=\"index, follow, max-snippet:-1, max-image-preview:large, max-video-preview:-1\" \/>\n<link rel=\"canonical\" href=\"https:\/\/sbb-immobilien.ch\/fr\/louer\/gastronomie\/\" \/>\n<meta property=\"og:locale\" content=\"fr_FR\" \/>\n<meta property=\"og:type\" content=\"article\" \/>\n<meta property=\"og:title\" content=\"Gastronomie\" \/>\n<meta property=\"og:description\" content=\"En bref, tr\u00e8s pris\u00e9s, ces lieux se pr\u00eatent bien aux restaurants, caf\u00e9s et commerces de vente \u00e0 emporter.\" \/>\n<meta property=\"og:url\" content=\"https:\/\/sbb-immobilien.ch\/fr\/louer\/gastronomie\/\" \/>\n<meta property=\"og:site_name\" content=\"CFF Immobilier\" \/>\n<meta property=\"article:modified_time\" content=\"2025-05-26T13:53:33+00:00\" \/>\n<meta name=\"twitter:card\" content=\"summary_large_image\" \/>\n<meta name=\"twitter:label1\" content=\"Dur\u00e9e de lecture estim\u00e9e\" \/>\n\t<meta name=\"twitter:data1\" content=\"1 minute\" \/>\n<script type=\"application\/ld+json\" class=\"yoast-schema-graph\">{\"@context\":\"https:\/\/schema.org\",\"@graph\":[{\"@type\":\"WebPage\",\"@id\":\"https:\/\/sbb-immobilien.ch\/fr\/louer\/gastronomie\/\",\"url\":\"https:\/\/sbb-immobilien.ch\/fr\/louer\/gastronomie\/\",\"name\":\"Surfaces gastronomie libres | CFF Immobilier\",\"isPartOf\":{\"@id\":\"https:\/\/sbb-immobilien.ch\/fr\/#website\"},\"datePublished\":\"2022-01-14T10:35:32+00:00\",\"dateModified\":\"2025-05-26T13:53:33+00:00\",\"description\":\"En bref, tr\u00e8s pris\u00e9s, ces lieux se pr\u00eatent bien aux restaurants, caf\u00e9s et commerces de vente \u00e0 emporter.\",\"breadcrumb\":{\"@id\":\"https:\/\/sbb-immobilien.ch\/fr\/louer\/gastronomie\/#breadcrumb\"},\"inLanguage\":\"fr-FR\",\"potentialAction\":[{\"@type\":\"ReadAction\",\"target\":[\"https:\/\/sbb-immobilien.ch\/fr\/louer\/gastronomie\/\"]}]},{\"@type\":\"BreadcrumbList\",\"@id\":\"https:\/\/sbb-immobilien.ch\/fr\/louer\/gastronomie\/#breadcrumb\",\"itemListElement\":[{\"@type\":\"ListItem\",\"position\":1,\"name\":\"Home\",\"item\":\"https:\/\/sbb-immobilien.ch\/fr\/\"},{\"@type\":\"ListItem\",\"position\":2,\"name\":\"Louer\",\"item\":\"https:\/\/sbb-immobilien.ch\/fr\/louer\/\"},{\"@type\":\"ListItem\",\"position\":3,\"name\":\"Gastronomie\"}]},{\"@type\":\"WebSite\",\"@id\":\"https:\/\/sbb-immobilien.ch\/fr\/#website\",\"url\":\"https:\/\/sbb-immobilien.ch\/fr\/\",\"name\":\"CFF Immobilier\",\"description\":\"Des immeubles id\u00e9alement situ\u00e9s.\",\"publisher\":{\"@id\":\"https:\/\/sbb-immobilien.ch\/fr\/#organization\"},\"potentialAction\":[{\"@type\":\"SearchAction\",\"target\":{\"@type\":\"EntryPoint\",\"urlTemplate\":\"https:\/\/sbb-immobilien.ch\/fr\/?s={search_term_string}\"},\"query-input\":{\"@type\":\"PropertyValueSpecification\",\"valueRequired\":true,\"valueName\":\"search_term_string\"}}],\"inLanguage\":\"fr-FR\"},{\"@type\":\"Organization\",\"@id\":\"https:\/\/sbb-immobilien.ch\/fr\/#organization\",\"name\":\"SBB Immobilien\",\"url\":\"https:\/\/sbb-immobilien.ch\/fr\/\",\"logo\":{\"@type\":\"ImageObject\",\"inLanguage\":\"fr-FR\",\"@id\":\"https:\/\/sbb-immobilien.ch\/fr\/#\/schema\/logo\/image\/\",\"url\":\"https:\/\/cdn.sbb-immobilien.ch\/w:1617\/h:1080\/q:mauto\/f:best\/https:\/\/sbb-immobilien.ch\/wp-content\/uploads\/2021\/11\/SBB_byte_200329_DSC_4292_2500px.jpg\",\"contentUrl\":\"https:\/\/cdn.sbb-immobilien.ch\/w:1617\/h:1080\/q:mauto\/f:best\/https:\/\/sbb-immobilien.ch\/wp-content\/uploads\/2021\/11\/SBB_byte_200329_DSC_4292_2500px.jpg\",\"width\":2500,\"height\":1669,\"caption\":\"SBB Immobilien\"},\"image\":{\"@id\":\"https:\/\/sbb-immobilien.ch\/fr\/#\/schema\/logo\/image\/\"},\"sameAs\":[\"https:\/\/ch.linkedin.com\/showcase\/immobilienberufe?trk=affiliated-pages\",\"https:\/\/de.wikipedia.org\/wiki\/Schweizerische_Bundesbahnen\"]}]}<\/script>\n<!-- \/ Yoast SEO Premium plugin. -->","yoast_head_json":{"title":"Surfaces gastronomie libres | CFF Immobilier","description":"En bref, tr\u00e8s pris\u00e9s, ces lieux se pr\u00eatent bien aux restaurants, caf\u00e9s et commerces de vente \u00e0 emporter.","robots":{"index":"index","follow":"follow","max-snippet":"max-snippet:-1","max-image-preview":"max-image-preview:large","max-video-preview":"max-video-preview:-1"},"canonical":"https:\/\/sbb-immobilien.ch\/fr\/louer\/gastronomie\/","og_locale":"fr_FR","og_type":"article","og_title":"Gastronomie","og_description":"En bref, tr\u00e8s pris\u00e9s, ces lieux se pr\u00eatent bien aux restaurants, caf\u00e9s et commerces de vente \u00e0 emporter.","og_url":"https:\/\/sbb-immobilien.ch\/fr\/louer\/gastronomie\/","og_site_name":"CFF Immobilier","article_modified_time":"2025-05-26T13:53:33+00:00","twitter_card":"summary_large_image","twitter_misc":{"Dur\u00e9e de lecture estim\u00e9e":"1 minute"},"schema":{"@context":"https:\/\/schema.org","@graph":[{"@type":"WebPage","@id":"https:\/\/sbb-immobilien.ch\/fr\/louer\/gastronomie\/","url":"https:\/\/sbb-immobilien.ch\/fr\/louer\/gastronomie\/","name":"Surfaces gastronomie libres | CFF Immobilier","isPartOf":{"@id":"https:\/\/sbb-immobilien.ch\/fr\/#website"},"datePublished":"2022-01-14T10:35:32+00:00","dateModified":"2025-05-26T13:53:33+00:00","description":"En bref, tr\u00e8s pris\u00e9s, ces lieux se pr\u00eatent bien aux restaurants, caf\u00e9s et commerces de vente \u00e0 emporter.","breadcrumb":{"@id":"https:\/\/sbb-immobilien.ch\/fr\/louer\/gastronomie\/#breadcrumb"},"inLanguage":"fr-FR","potentialAction":[{"@type":"ReadAction","target":["https:\/\/sbb-immobilien.ch\/fr\/louer\/gastronomie\/"]}]},{"@type":"BreadcrumbList","@id":"https:\/\/sbb-immobilien.ch\/fr\/louer\/gastronomie\/#breadcrumb","itemListElement":[{"@type":"ListItem","position":1,"name":"Home","item":"https:\/\/sbb-immobilien.ch\/fr\/"},{"@type":"ListItem","position":2,"name":"Louer","item":"https:\/\/sbb-immobilien.ch\/fr\/louer\/"},{"@type":"ListItem","position":3,"name":"Gastronomie"}]},{"@type":"WebSite","@id":"https:\/\/sbb-immobilien.ch\/fr\/#website","url":"https:\/\/sbb-immobilien.ch\/fr\/","name":"CFF Immobilier","description":"Des immeubles id\u00e9alement situ\u00e9s.","publisher":{"@id":"https:\/\/sbb-immobilien.ch\/fr\/#organization"},"potentialAction":[{"@type":"SearchAction","target":{"@type":"EntryPoint","urlTemplate":"https:\/\/sbb-immobilien.ch\/fr\/?s={search_term_string}"},"query-input":{"@type":"PropertyValueSpecification","valueRequired":true,"valueName":"search_term_string"}}],"inLanguage":"fr-FR"},{"@type":"Organization","@id":"https:\/\/sbb-immobilien.ch\/fr\/#organization","name":"SBB Immobilien","url":"https:\/\/sbb-immobilien.ch\/fr\/","logo":{"@type":"ImageObject","inLanguage":"fr-FR","@id":"https:\/\/sbb-immobilien.ch\/fr\/#\/schema\/logo\/image\/","url":"https:\/\/cdn.sbb-immobilien.ch\/w:1617\/h:1080\/q:mauto\/f:best\/https:\/\/sbb-immobilien.ch\/wp-content\/uploads\/2021\/11\/SBB_byte_200329_DSC_4292_2500px.jpg","contentUrl":"https:\/\/cdn.sbb-immobilien.ch\/w:1617\/h:1080\/q:mauto\/f:best\/https:\/\/sbb-immobilien.ch\/wp-content\/uploads\/2021\/11\/SBB_byte_200329_DSC_4292_2500px.jpg","width":2500,"height":1669,"caption":"SBB Immobilien"},"image":{"@id":"https:\/\/sbb-immobilien.ch\/fr\/#\/schema\/logo\/image\/"},"sameAs":["https:\/\/ch.linkedin.com\/showcase\/immobilienberufe?trk=affiliated-pages","https:\/\/de.wikipedia.org\/wiki\/Schweizerische_Bundesbahnen"]}]}},"_links":{"self":[{"href":"https:\/\/sbb-immobilien.ch\/fr\/wp-json\/wp\/v2\/pages\/280326","targetHints":{"allow":["GET"]}}],"collection":[{"href":"https:\/\/sbb-immobilien.ch\/fr\/wp-json\/wp\/v2\/pages"}],"about":[{"href":"https:\/\/sbb-immobilien.ch\/fr\/wp-json\/wp\/v2\/types\/page"}],"author":[{"embeddable":true,"href":"https:\/\/sbb-immobilien.ch\/fr\/wp-json\/wp\/v2\/users\/3"}],"replies":[{"embeddable":true,"href":"https:\/\/sbb-immobilien.ch\/fr\/wp-json\/wp\/v2\/comments?post=280326"}],"version-history":[{"count":0,"href":"https:\/\/sbb-immobilien.ch\/fr\/wp-json\/wp\/v2\/pages\/280326\/revisions"}],"up":[{"embeddable":true,"href":"https:\/\/sbb-immobilien.ch\/fr\/wp-json\/wp\/v2\/pages\/13623"}],"wp:attachment":[{"href":"https:\/\/sbb-immobilien.ch\/fr\/wp-json\/wp\/v2\/media?parent=280326"}],"curies":[{"name":"wp","href":"https:\/\/api.w.org\/{rel}","templated":true}]}}