{"id":280315,"date":"2022-01-01T13:54:48","date_gmt":"2022-01-01T12:54:48","guid":{"rendered":"https:\/\/sbbimmobilien.wpengine.com\/affitare\/buero\/"},"modified":"2025-05-26T15:52:34","modified_gmt":"2025-05-26T13:52:34","slug":"uffici","status":"publish","type":"page","link":"https:\/\/sbb-immobilien.ch\/it\/affitare\/uffici\/","title":{"rendered":"Uffici"},"content":{"rendered":"","protected":false},"excerpt":{"rendered":"","protected":false},"author":3,"featured_media":280610,"parent":13630,"menu_order":0,"comment_status":"closed","ping_status":"closed","template":"","meta":{"_acf_changed":false,"inline_featured_image":false,"footnotes":""},"class_list":["post-280315","page","type-page","status-publish","has-post-thumbnail","hentry"],"acf":[],"yoast_head":"<!-- This site is optimized with the Yoast SEO Premium plugin v27.4 (Yoast SEO v27.4) - https:\/\/yoast.com\/product\/yoast-seo-premium-wordpress\/ -->\n<title>Spazio di uffici libero | FFS Immobili<\/title>\n<meta name=\"description\" content=\"Qui, in posizioni centrali e ben collegate, \u00e8 possibile progettare superfici adibite a uffici e a servizi per nuove realt\u00e0 lavorative in modo flessibile e all\u2019avanguardia.\" \/>\n<meta name=\"robots\" content=\"index, follow, max-snippet:-1, max-image-preview:large, max-video-preview:-1\" \/>\n<link rel=\"canonical\" href=\"https:\/\/sbb-immobilien.ch\/it\/affitare\/uffici\/\" \/>\n<meta property=\"og:locale\" content=\"it_IT\" \/>\n<meta property=\"og:type\" content=\"article\" \/>\n<meta property=\"og:title\" content=\"Freie B\u00fcrofl\u00e4chen\" \/>\n<meta property=\"og:description\" content=\"Qui, in posizioni centrali e ben collegate, \u00e8 possibile progettare superfici adibite a uffici e a servizi per nuove realt\u00e0 lavorative in modo flessibile e all\u2019avanguardia.\" \/>\n<meta property=\"og:url\" content=\"https:\/\/sbb-immobilien.ch\/it\/affitare\/uffici\/\" \/>\n<meta property=\"og:site_name\" content=\"FFS Immobili\" \/>\n<meta property=\"article:modified_time\" content=\"2025-05-26T13:52:34+00:00\" \/>\n<meta property=\"og:image\" content=\"https:\/\/cdn.sbb-immobilien.ch\/w:auto\/h:auto\/q:mauto\/f:best\/https:\/\/sbb-immobilien.ch\/wp-content\/uploads\/2022\/03\/CFF_Parc_du_Simplon_web-scaled.jpg\" \/>\n\t<meta property=\"og:image:width\" content=\"2560\" \/>\n\t<meta property=\"og:image:height\" content=\"1708\" \/>\n\t<meta property=\"og:image:type\" content=\"image\/jpeg\" \/>\n<meta name=\"twitter:card\" content=\"summary_large_image\" \/>\n<meta name=\"twitter:title\" content=\"Freie B\u00fcrofl\u00e4chen\" \/>\n<meta name=\"twitter:label1\" content=\"Tempo di lettura stimato\" \/>\n\t<meta name=\"twitter:data1\" content=\"1 minuto\" \/>\n<script type=\"application\/ld+json\" class=\"yoast-schema-graph\">{\"@context\":\"https:\\\/\\\/schema.org\",\"@graph\":[{\"@type\":[\"WebPage\",\"RealEstateListing\"],\"@id\":\"https:\\\/\\\/sbb-immobilien.ch\\\/it\\\/affitare\\\/uffici\\\/\",\"url\":\"https:\\\/\\\/sbb-immobilien.ch\\\/it\\\/affitare\\\/uffici\\\/\",\"name\":\"Spazio di uffici libero | FFS Immobili\",\"isPartOf\":{\"@id\":\"https:\\\/\\\/sbb-immobilien.ch\\\/it\\\/#website\"},\"primaryImageOfPage\":{\"@id\":\"https:\\\/\\\/sbb-immobilien.ch\\\/it\\\/affitare\\\/uffici\\\/#primaryimage\"},\"image\":{\"@id\":\"https:\\\/\\\/sbb-immobilien.ch\\\/it\\\/affitare\\\/uffici\\\/#primaryimage\"},\"thumbnailUrl\":\"https:\\/\\/sbb-immobilien.ch\\/wp-content\\/uploads\\/2022\\/03\\/CFF_Parc_du_Simplon_web-scaled.jpg\",\"datePublished\":\"2022-01-01T12:54:48+00:00\",\"dateModified\":\"2025-05-26T13:52:34+00:00\",\"description\":\"Qui, in posizioni centrali e ben collegate, \u00e8 possibile progettare superfici adibite a uffici e a servizi per nuove realt\u00e0 lavorative in modo flessibile e all\u2019avanguardia.\",\"breadcrumb\":{\"@id\":\"https:\\\/\\\/sbb-immobilien.ch\\\/it\\\/affitare\\\/uffici\\\/#breadcrumb\"},\"inLanguage\":\"it-IT\",\"potentialAction\":[{\"@type\":\"ReadAction\",\"target\":[\"https:\\\/\\\/sbb-immobilien.ch\\\/it\\\/affitare\\\/uffici\\\/\"]}]},{\"@type\":\"ImageObject\",\"inLanguage\":\"it-IT\",\"@id\":\"https:\\\/\\\/sbb-immobilien.ch\\\/it\\\/affitare\\\/uffici\\\/#primaryimage\",\"url\":\"https:\\/\\/sbb-immobilien.ch\\/wp-content\\/uploads\\/2022\\/03\\/CFF_Parc_du_Simplon_web-scaled.jpg\",\"contentUrl\":\"https:\\/\\/sbb-immobilien.ch\\/wp-content\\/uploads\\/2022\\/03\\/CFF_Parc_du_Simplon_web-scaled.jpg\",\"width\":2560,\"height\":1708,\"caption\":\"Parc du Simplon, siege administratif CFF SBB FFS photographie ce jeudi, 28 octobre 2021 a Renens.\"},{\"@type\":\"BreadcrumbList\",\"@id\":\"https:\\\/\\\/sbb-immobilien.ch\\\/it\\\/affitare\\\/uffici\\\/#breadcrumb\",\"itemListElement\":[{\"@type\":\"ListItem\",\"position\":1,\"name\":\"Home\",\"item\":\"https:\\\/\\\/sbb-immobilien.ch\\\/it\\\/\"},{\"@type\":\"ListItem\",\"position\":2,\"name\":\"Affitare\",\"item\":\"https:\\\/\\\/sbb-immobilien.ch\\\/it\\\/affitare\\\/\"},{\"@type\":\"ListItem\",\"position\":3,\"name\":\"Uffici\"}]},{\"@type\":\"WebSite\",\"@id\":\"https:\\\/\\\/sbb-immobilien.ch\\\/it\\\/#website\",\"url\":\"https:\\\/\\\/sbb-immobilien.ch\\\/it\\\/\",\"name\":\"FFS Immobili\",\"description\":\"Immobili nella migliore posizione.\",\"publisher\":{\"@id\":\"https:\\\/\\\/sbb-immobilien.ch\\\/it\\\/#organization\"},\"potentialAction\":[{\"@type\":\"SearchAction\",\"target\":{\"@type\":\"EntryPoint\",\"urlTemplate\":\"https:\\\/\\\/sbb-immobilien.ch\\\/it\\\/?s={search_term_string}\"},\"query-input\":{\"@type\":\"PropertyValueSpecification\",\"valueRequired\":true,\"valueName\":\"search_term_string\"}}],\"inLanguage\":\"it-IT\"},{\"@type\":\"Organization\",\"@id\":\"https:\\\/\\\/sbb-immobilien.ch\\\/it\\\/#organization\",\"name\":\"SBB Immobilien\",\"url\":\"https:\\\/\\\/sbb-immobilien.ch\\\/it\\\/\",\"logo\":{\"@type\":\"ImageObject\",\"inLanguage\":\"it-IT\",\"@id\":\"https:\\\/\\\/sbb-immobilien.ch\\\/it\\\/#\\\/schema\\\/logo\\\/image\\\/\",\"url\":\"https:\\/\\/cdn.sbb-immobilien.ch\\/w:1617\\/h:1080\\/q:mauto\\/f:best\\/https:\\/\\/sbb-immobilien.ch\\/wp-content\\/uploads\\/2021\\/11\\/SBB_byte_200329_DSC_4292_2500px.jpg\",\"contentUrl\":\"https:\\/\\/cdn.sbb-immobilien.ch\\/w:1617\\/h:1080\\/q:mauto\\/f:best\\/https:\\/\\/sbb-immobilien.ch\\/wp-content\\/uploads\\/2021\\/11\\/SBB_byte_200329_DSC_4292_2500px.jpg\",\"width\":2500,\"height\":1669,\"caption\":\"SBB Immobilien\"},\"image\":{\"@id\":\"https:\\\/\\\/sbb-immobilien.ch\\\/it\\\/#\\\/schema\\\/logo\\\/image\\\/\"},\"sameAs\":[\"https:\\\/\\\/ch.linkedin.com\\\/showcase\\\/immobilienberufe?trk=affiliated-pages\",\"https:\\\/\\\/de.wikipedia.org\\\/wiki\\\/Schweizerische_Bundesbahnen\"]}]}<\/script>\n<!-- \/ Yoast SEO Premium plugin. -->","yoast_head_json":{"title":"Spazio di uffici libero | FFS Immobili","description":"Qui, in posizioni centrali e ben collegate, \u00e8 possibile progettare superfici adibite a uffici e a servizi per nuove realt\u00e0 lavorative in modo flessibile e all\u2019avanguardia.","robots":{"index":"index","follow":"follow","max-snippet":"max-snippet:-1","max-image-preview":"max-image-preview:large","max-video-preview":"max-video-preview:-1"},"canonical":"https:\/\/sbb-immobilien.ch\/it\/affitare\/uffici\/","og_locale":"it_IT","og_type":"article","og_title":"Freie B\u00fcrofl\u00e4chen","og_description":"Qui, in posizioni centrali e ben collegate, \u00e8 possibile progettare superfici adibite a uffici e a servizi per nuove realt\u00e0 lavorative in modo flessibile e all\u2019avanguardia.","og_url":"https:\/\/sbb-immobilien.ch\/it\/affitare\/uffici\/","og_site_name":"FFS Immobili","article_modified_time":"2025-05-26T13:52:34+00:00","og_image":[{"width":2560,"height":1708,"url":"https:\/\/cdn.sbb-immobilien.ch\/w:auto\/h:auto\/q:mauto\/f:best\/https:\/\/sbb-immobilien.ch\/wp-content\/uploads\/2022\/03\/CFF_Parc_du_Simplon_web-scaled.jpg","type":"image\/jpeg"}],"twitter_card":"summary_large_image","twitter_title":"Freie B\u00fcrofl\u00e4chen","twitter_misc":{"Tempo di lettura stimato":"1 minuto"},"schema":{"@context":"https:\/\/schema.org","@graph":[{"@type":["WebPage","RealEstateListing"],"@id":"https:\/\/sbb-immobilien.ch\/it\/affitare\/uffici\/","url":"https:\/\/sbb-immobilien.ch\/it\/affitare\/uffici\/","name":"Spazio di uffici libero | FFS Immobili","isPartOf":{"@id":"https:\/\/sbb-immobilien.ch\/it\/#website"},"primaryImageOfPage":{"@id":"https:\/\/sbb-immobilien.ch\/it\/affitare\/uffici\/#primaryimage"},"image":{"@id":"https:\/\/sbb-immobilien.ch\/it\/affitare\/uffici\/#primaryimage"},"thumbnailUrl":"https:\/\/cdn.sbb-immobilien.ch\/w:auto\/h:auto\/q:mauto\/f:best\/https:\/\/sbb-immobilien.ch\/wp-content\/uploads\/2022\/03\/CFF_Parc_du_Simplon_web-scaled.jpg","datePublished":"2022-01-01T12:54:48+00:00","dateModified":"2025-05-26T13:52:34+00:00","description":"Qui, in posizioni centrali e ben collegate, \u00e8 possibile progettare superfici adibite a uffici e a servizi per nuove realt\u00e0 lavorative in modo flessibile e all\u2019avanguardia.","breadcrumb":{"@id":"https:\/\/sbb-immobilien.ch\/it\/affitare\/uffici\/#breadcrumb"},"inLanguage":"it-IT","potentialAction":[{"@type":"ReadAction","target":["https:\/\/sbb-immobilien.ch\/it\/affitare\/uffici\/"]}]},{"@type":"ImageObject","inLanguage":"it-IT","@id":"https:\/\/sbb-immobilien.ch\/it\/affitare\/uffici\/#primaryimage","url":"https:\/\/cdn.sbb-immobilien.ch\/w:auto\/h:auto\/q:mauto\/f:best\/https:\/\/sbb-immobilien.ch\/wp-content\/uploads\/2022\/03\/CFF_Parc_du_Simplon_web-scaled.jpg","contentUrl":"https:\/\/cdn.sbb-immobilien.ch\/w:auto\/h:auto\/q:mauto\/f:best\/https:\/\/sbb-immobilien.ch\/wp-content\/uploads\/2022\/03\/CFF_Parc_du_Simplon_web-scaled.jpg","width":2560,"height":1708,"caption":"Parc du Simplon, siege administratif CFF SBB FFS photographie ce jeudi, 28 octobre 2021 a Renens."},{"@type":"BreadcrumbList","@id":"https:\/\/sbb-immobilien.ch\/it\/affitare\/uffici\/#breadcrumb","itemListElement":[{"@type":"ListItem","position":1,"name":"Home","item":"https:\/\/sbb-immobilien.ch\/it\/"},{"@type":"ListItem","position":2,"name":"Affitare","item":"https:\/\/sbb-immobilien.ch\/it\/affitare\/"},{"@type":"ListItem","position":3,"name":"Uffici"}]},{"@type":"WebSite","@id":"https:\/\/sbb-immobilien.ch\/it\/#website","url":"https:\/\/sbb-immobilien.ch\/it\/","name":"FFS Immobili","description":"Immobili nella migliore posizione.","publisher":{"@id":"https:\/\/sbb-immobilien.ch\/it\/#organization"},"potentialAction":[{"@type":"SearchAction","target":{"@type":"EntryPoint","urlTemplate":"https:\/\/sbb-immobilien.ch\/it\/?s={search_term_string}"},"query-input":{"@type":"PropertyValueSpecification","valueRequired":true,"valueName":"search_term_string"}}],"inLanguage":"it-IT"},{"@type":"Organization","@id":"https:\/\/sbb-immobilien.ch\/it\/#organization","name":"SBB Immobilien","url":"https:\/\/sbb-immobilien.ch\/it\/","logo":{"@type":"ImageObject","inLanguage":"it-IT","@id":"https:\/\/sbb-immobilien.ch\/it\/#\/schema\/logo\/image\/","url":"https:\/\/cdn.sbb-immobilien.ch\/w:1617\/h:1080\/q:mauto\/f:best\/https:\/\/sbb-immobilien.ch\/wp-content\/uploads\/2021\/11\/SBB_byte_200329_DSC_4292_2500px.jpg","contentUrl":"https:\/\/cdn.sbb-immobilien.ch\/w:1617\/h:1080\/q:mauto\/f:best\/https:\/\/sbb-immobilien.ch\/wp-content\/uploads\/2021\/11\/SBB_byte_200329_DSC_4292_2500px.jpg","width":2500,"height":1669,"caption":"SBB Immobilien"},"image":{"@id":"https:\/\/sbb-immobilien.ch\/it\/#\/schema\/logo\/image\/"},"sameAs":["https:\/\/ch.linkedin.com\/showcase\/immobilienberufe?trk=affiliated-pages","https:\/\/de.wikipedia.org\/wiki\/Schweizerische_Bundesbahnen"]}]}},"_links":{"self":[{"href":"https:\/\/sbb-immobilien.ch\/it\/wp-json\/wp\/v2\/pages\/280315","targetHints":{"allow":["GET"]}}],"collection":[{"href":"https:\/\/sbb-immobilien.ch\/it\/wp-json\/wp\/v2\/pages"}],"about":[{"href":"https:\/\/sbb-immobilien.ch\/it\/wp-json\/wp\/v2\/types\/page"}],"author":[{"embeddable":true,"href":"https:\/\/sbb-immobilien.ch\/it\/wp-json\/wp\/v2\/users\/3"}],"replies":[{"embeddable":true,"href":"https:\/\/sbb-immobilien.ch\/it\/wp-json\/wp\/v2\/comments?post=280315"}],"version-history":[{"count":0,"href":"https:\/\/sbb-immobilien.ch\/it\/wp-json\/wp\/v2\/pages\/280315\/revisions"}],"up":[{"embeddable":true,"href":"https:\/\/sbb-immobilien.ch\/it\/wp-json\/wp\/v2\/pages\/13630"}],"wp:featuredmedia":[{"embeddable":true,"href":"https:\/\/sbb-immobilien.ch\/it\/wp-json\/wp\/v2\/media\/280610"}],"wp:attachment":[{"href":"https:\/\/sbb-immobilien.ch\/it\/wp-json\/wp\/v2\/media?parent=280315"}],"curies":[{"name":"wp","href":"https:\/\/api.w.org\/{rel}","templated":true}]}}